{"id":1592,"date":"2022-09-02T13:46:41","date_gmt":"2022-09-02T11:46:41","guid":{"rendered":"https:\/\/champagne-fernand-lemaire.com\/?page_id=1592"},"modified":"2023-08-07T11:40:12","modified_gmt":"2023-08-07T09:40:12","slug":"history","status":"publish","type":"page","link":"https:\/\/champagne-fernand-lemaire.com\/en\/history\/","title":{"rendered":"History"},"content":{"rendered":"\t\t<div data-elementor-type=\"wp-page\" data-elementor-id=\"1592\" class=\"elementor elementor-1592 elementor-32\" data-elementor-settings=\"{&quot;ha_cmc_init_switcher&quot;:&quot;no&quot;}\" data-elementor-post-type=\"page\">\n\t\t\t\t\t\t<section class=\"elementor-section elementor-top-section elementor-element elementor-element-2fd0e3c elementor-section-stretched elementor-section-boxed elementor-section-height-default elementor-section-height-default\" data-id=\"2fd0e3c\" data-element_type=\"section\" data-e-type=\"section\" data-settings=\"{&quot;stretch_section&quot;:&quot;section-stretched&quot;,&quot;background_background&quot;:&quot;classic&quot;,&quot;_ha_eqh_enable&quot;:false}\">\n\t\t\t\t\t\t<div class=\"elementor-container elementor-column-gap-default\">\n\t\t\t\t\t<div class=\"elementor-column elementor-col-100 elementor-top-column elementor-element elementor-element-05c0a9a\" data-id=\"05c0a9a\" data-element_type=\"column\" data-e-type=\"column\" data-settings=\"{&quot;background_background&quot;:&quot;classic&quot;}\">\n\t\t\t<div class=\"elementor-widget-wrap elementor-element-populated\">\n\t\t\t\t\t\t<div class=\"elementor-element elementor-element-7a1d5bc elementor-widget__width-initial elementor-absolute elementor-invisible elementor-widget elementor-widget-heading\" data-id=\"7a1d5bc\" data-element_type=\"widget\" data-e-type=\"widget\" data-settings=\"{&quot;_animation&quot;:&quot;fadeIn&quot;,&quot;_position&quot;:&quot;absolute&quot;}\" data-widget_type=\"heading.default\">\n\t\t\t\t<div class=\"elementor-widget-container\">\n\t\t\t\t\t<h1 class=\"elementor-heading-title elementor-size-default\">Our story<\/h1>\t\t\t\t<\/div>\n\t\t\t\t<\/div>\n\t\t\t\t\t<\/div>\n\t\t<\/div>\n\t\t\t\t\t<\/div>\n\t\t<\/section>\n\t\t\t\t<section class=\"elementor-section elementor-top-section elementor-element elementor-element-818b27d elementor-section-stretched elementor-section-boxed elementor-section-height-default elementor-section-height-default elementor-invisible\" data-id=\"818b27d\" data-element_type=\"section\" data-e-type=\"section\" data-settings=\"{&quot;stretch_section&quot;:&quot;section-stretched&quot;,&quot;background_background&quot;:&quot;classic&quot;,&quot;animation&quot;:&quot;fadeIn&quot;,&quot;_ha_eqh_enable&quot;:false}\">\n\t\t\t\t\t\t\t<div class=\"elementor-background-overlay\"><\/div>\n\t\t\t\t\t\t\t<div class=\"elementor-container elementor-column-gap-default\">\n\t\t\t\t\t<div class=\"elementor-column elementor-col-100 elementor-top-column elementor-element elementor-element-981c357\" data-id=\"981c357\" data-element_type=\"column\" data-e-type=\"column\">\n\t\t\t<div class=\"elementor-widget-wrap elementor-element-populated\">\n\t\t\t\t\t\t<section class=\"elementor-section elementor-inner-section elementor-element elementor-element-371bb45 elementor-section-boxed elementor-section-height-default elementor-section-height-default\" data-id=\"371bb45\" data-element_type=\"section\" data-e-type=\"section\" data-settings=\"{&quot;_ha_eqh_enable&quot;:false}\">\n\t\t\t\t\t\t<div class=\"elementor-container elementor-column-gap-default\">\n\t\t\t\t\t<div class=\"elementor-column elementor-col-50 elementor-inner-column elementor-element elementor-element-02b2b35\" data-id=\"02b2b35\" data-element_type=\"column\" data-e-type=\"column\">\n\t\t\t<div class=\"elementor-widget-wrap elementor-element-populated\">\n\t\t\t\t\t\t<div class=\"elementor-element elementor-element-d6633f0 elementor-invisible elementor-widget elementor-widget-text-editor\" data-id=\"d6633f0\" data-element_type=\"widget\" data-e-type=\"widget\" data-settings=\"{&quot;_animation&quot;:&quot;fadeIn&quot;}\" data-widget_type=\"text-editor.default\">\n\t\t\t\t<div class=\"elementor-widget-container\">\n\t\t\t\t\t\t\t\t\t<p>For four generations, the family history of Champagne Fernand Lemaire has been written in the emblematic village of Hautvillers, classified 1er Cru.<\/p><p>In 1860 Fernand&#8217;s parents, Jeanne and Eug\u00e8ne, were already cultivating a few vines, but Eug\u00e8ne was first and foremost the village blacksmith.<\/p><p>Fernand realised the richness of his terroir and decided to devote himself entirely to the winegrowing profession. Independent by nature, he invested in his own press, his first vats and had his cellar dug into the chalk. In 1903, the first Fernand Lemaire Champagne was produced, the result of mastery from A to Z&#8230;<\/p><p>Three generations of winegrowers followed, perpetuating a know-how handed down from generation to generation.<\/p><p>In 1960, Robert, trained by his father in the traditions of the Champagne region, expanded their vineyard and cellar in Hautvillers.\u00a0<\/p><p>In 1984, Fernand&#8217;s grandson Fr\u00e9d\u00e9rique and his wife Christine developed mechanical tillage in their vineyard. They not only expanded the vat room and cellar, but also raised the profile of their champagne house in France and abroad.<\/p><p>Fernand&#8217;s great-grandchildren, H\u00e9l\u00e8ne and her brother Beno\u00eet, have been running the family business since 2022. Today, they perpetuate the Champagne know-how as a family, and continue to reveal the excellence of their terroir.<\/p>\t\t\t\t\t\t\t\t<\/div>\n\t\t\t\t<\/div>\n\t\t\t\t\t<\/div>\n\t\t<\/div>\n\t\t\t\t<div class=\"elementor-column elementor-col-50 elementor-inner-column elementor-element elementor-element-cbafd95\" data-id=\"cbafd95\" data-element_type=\"column\" data-e-type=\"column\">\n\t\t\t<div class=\"elementor-widget-wrap elementor-element-populated\">\n\t\t\t\t\t\t<div class=\"elementor-element elementor-element-b5bb216 elementor-widget elementor-widget-image\" data-id=\"b5bb216\" data-element_type=\"widget\" data-e-type=\"widget\" data-widget_type=\"image.default\">\n\t\t\t\t<div class=\"elementor-widget-container\">\n\t\t\t\t\t\t\t\t\t\t\t\t\t\t\t<img fetchpriority=\"high\" decoding=\"async\" width=\"1024\" height=\"683\" src=\"https:\/\/champagne-fernand-lemaire.com\/wp-content\/uploads\/2023\/07\/3-1-1-1024x683.jpg\" class=\"attachment-large size-large wp-image-1676\" alt=\"\" srcset=\"https:\/\/champagne-fernand-lemaire.com\/wp-content\/uploads\/2023\/07\/3-1-1-1024x683.jpg 1024w, https:\/\/champagne-fernand-lemaire.com\/wp-content\/uploads\/2023\/07\/3-1-1-300x200.jpg 300w, https:\/\/champagne-fernand-lemaire.com\/wp-content\/uploads\/2023\/07\/3-1-1-768x512.jpg 768w, https:\/\/champagne-fernand-lemaire.com\/wp-content\/uploads\/2023\/07\/3-1-1-1536x1024.jpg 1536w, https:\/\/champagne-fernand-lemaire.com\/wp-content\/uploads\/2023\/07\/3-1-1-2048x1365.jpg 2048w, https:\/\/champagne-fernand-lemaire.com\/wp-content\/uploads\/2023\/07\/3-1-1-219x146.jpg 219w, https:\/\/champagne-fernand-lemaire.com\/wp-content\/uploads\/2023\/07\/3-1-1-50x33.jpg 50w, https:\/\/champagne-fernand-lemaire.com\/wp-content\/uploads\/2023\/07\/3-1-1-113x75.jpg 113w, https:\/\/champagne-fernand-lemaire.com\/wp-content\/uploads\/2023\/07\/3-1-1-800x533.jpg 800w\" sizes=\"(max-width:767px) 480px, (max-width:1024px) 100vw, 1024px\" \/>\t\t\t\t\t\t\t\t\t\t\t\t\t\t\t<\/div>\n\t\t\t\t<\/div>\n\t\t\t\t<div class=\"elementor-element elementor-element-315b2c0 elementor-widget elementor-widget-image\" data-id=\"315b2c0\" data-element_type=\"widget\" data-e-type=\"widget\" data-widget_type=\"image.default\">\n\t\t\t\t<div class=\"elementor-widget-container\">\n\t\t\t\t\t\t\t\t\t\t\t\t\t\t\t<img decoding=\"async\" width=\"1024\" height=\"683\" src=\"https:\/\/champagne-fernand-lemaire.com\/wp-content\/uploads\/2023\/07\/3-2-1024x683.jpg\" class=\"attachment-large size-large wp-image-1678\" alt=\"\" srcset=\"https:\/\/champagne-fernand-lemaire.com\/wp-content\/uploads\/2023\/07\/3-2-1024x683.jpg 1024w, https:\/\/champagne-fernand-lemaire.com\/wp-content\/uploads\/2023\/07\/3-2-300x200.jpg 300w, https:\/\/champagne-fernand-lemaire.com\/wp-content\/uploads\/2023\/07\/3-2-768x512.jpg 768w, https:\/\/champagne-fernand-lemaire.com\/wp-content\/uploads\/2023\/07\/3-2-1536x1024.jpg 1536w, https:\/\/champagne-fernand-lemaire.com\/wp-content\/uploads\/2023\/07\/3-2-2048x1365.jpg 2048w, https:\/\/champagne-fernand-lemaire.com\/wp-content\/uploads\/2023\/07\/3-2-219x146.jpg 219w, https:\/\/champagne-fernand-lemaire.com\/wp-content\/uploads\/2023\/07\/3-2-50x33.jpg 50w, https:\/\/champagne-fernand-lemaire.com\/wp-content\/uploads\/2023\/07\/3-2-113x75.jpg 113w, https:\/\/champagne-fernand-lemaire.com\/wp-content\/uploads\/2023\/07\/3-2-800x533.jpg 800w\" sizes=\"(max-width:767px) 480px, (max-width:1024px) 100vw, 1024px\" \/>\t\t\t\t\t\t\t\t\t\t\t\t\t\t\t<\/div>\n\t\t\t\t<\/div>\n\t\t\t\t<div class=\"elementor-element elementor-element-1b40650 elementor-widget elementor-widget-image\" data-id=\"1b40650\" data-element_type=\"widget\" data-e-type=\"widget\" data-widget_type=\"image.default\">\n\t\t\t\t<div class=\"elementor-widget-container\">\n\t\t\t\t\t\t\t\t\t\t\t\t\t\t\t<img decoding=\"async\" width=\"1024\" height=\"683\" src=\"https:\/\/champagne-fernand-lemaire.com\/wp-content\/uploads\/2023\/07\/2-2-1024x683.jpg\" class=\"attachment-large size-large wp-image-1674\" alt=\"\" srcset=\"https:\/\/champagne-fernand-lemaire.com\/wp-content\/uploads\/2023\/07\/2-2-1024x683.jpg 1024w, https:\/\/champagne-fernand-lemaire.com\/wp-content\/uploads\/2023\/07\/2-2-300x200.jpg 300w, https:\/\/champagne-fernand-lemaire.com\/wp-content\/uploads\/2023\/07\/2-2-768x512.jpg 768w, https:\/\/champagne-fernand-lemaire.com\/wp-content\/uploads\/2023\/07\/2-2-1536x1024.jpg 1536w, https:\/\/champagne-fernand-lemaire.com\/wp-content\/uploads\/2023\/07\/2-2-2048x1365.jpg 2048w, https:\/\/champagne-fernand-lemaire.com\/wp-content\/uploads\/2023\/07\/2-2-219x146.jpg 219w, https:\/\/champagne-fernand-lemaire.com\/wp-content\/uploads\/2023\/07\/2-2-50x33.jpg 50w, https:\/\/champagne-fernand-lemaire.com\/wp-content\/uploads\/2023\/07\/2-2-113x75.jpg 113w, https:\/\/champagne-fernand-lemaire.com\/wp-content\/uploads\/2023\/07\/2-2-800x533.jpg 800w\" sizes=\"(max-width:767px) 480px, (max-width:1024px) 100vw, 1024px\" \/>\t\t\t\t\t\t\t\t\t\t\t\t\t\t\t<\/div>\n\t\t\t\t<\/div>\n\t\t\t\t\t<\/div>\n\t\t<\/div>\n\t\t\t\t\t<\/div>\n\t\t<\/section>\n\t\t\t\t\t<\/div>\n\t\t<\/div>\n\t\t\t\t\t<\/div>\n\t\t<\/section>\n\t\t\t\t<section class=\"elementor-section elementor-top-section elementor-element elementor-element-8c0d9da elementor-section-stretched elementor-section-boxed elementor-section-height-default elementor-section-height-default\" data-id=\"8c0d9da\" data-element_type=\"section\" data-e-type=\"section\" data-settings=\"{&quot;stretch_section&quot;:&quot;section-stretched&quot;,&quot;background_background&quot;:&quot;classic&quot;,&quot;_ha_eqh_enable&quot;:false}\">\n\t\t\t\t\t\t<div class=\"elementor-container elementor-column-gap-default\">\n\t\t\t\t\t<div class=\"elementor-column elementor-col-100 elementor-top-column elementor-element elementor-element-e4f4fc8\" data-id=\"e4f4fc8\" data-element_type=\"column\" data-e-type=\"column\">\n\t\t\t<div class=\"elementor-widget-wrap elementor-element-populated\">\n\t\t\t\t\t\t<section class=\"elementor-section elementor-inner-section elementor-element elementor-element-086fa4c elementor-section-boxed elementor-section-height-default elementor-section-height-default\" data-id=\"086fa4c\" data-element_type=\"section\" data-e-type=\"section\" data-settings=\"{&quot;_ha_eqh_enable&quot;:false}\">\n\t\t\t\t\t\t<div class=\"elementor-container elementor-column-gap-default\">\n\t\t\t\t\t<div class=\"elementor-column elementor-col-33 elementor-inner-column elementor-element elementor-element-e900960\" data-id=\"e900960\" data-element_type=\"column\" data-e-type=\"column\">\n\t\t\t<div class=\"elementor-widget-wrap elementor-element-populated\">\n\t\t\t\t\t\t<div class=\"elementor-element elementor-element-895648d elementor-widget elementor-widget-image\" data-id=\"895648d\" data-element_type=\"widget\" data-e-type=\"widget\" data-widget_type=\"image.default\">\n\t\t\t\t<div class=\"elementor-widget-container\">\n\t\t\t\t\t\t\t\t\t\t\t\t\t\t\t<img loading=\"lazy\" decoding=\"async\" width=\"141\" height=\"198\" src=\"https:\/\/champagne-fernand-lemaire.com\/wp-content\/uploads\/2022\/11\/logo.png\" class=\"attachment-large size-large wp-image-451\" alt=\"\" srcset=\"https:\/\/champagne-fernand-lemaire.com\/wp-content\/uploads\/2022\/11\/logo.png 141w, https:\/\/champagne-fernand-lemaire.com\/wp-content\/uploads\/2022\/11\/logo-104x146.png 104w, https:\/\/champagne-fernand-lemaire.com\/wp-content\/uploads\/2022\/11\/logo-36x50.png 36w, https:\/\/champagne-fernand-lemaire.com\/wp-content\/uploads\/2022\/11\/logo-53x75.png 53w\" sizes=\"(max-width:767px) 141px, 141px\" \/>\t\t\t\t\t\t\t\t\t\t\t\t\t\t\t<\/div>\n\t\t\t\t<\/div>\n\t\t\t\t\t<\/div>\n\t\t<\/div>\n\t\t\t\t<div class=\"elementor-column elementor-col-33 elementor-inner-column elementor-element elementor-element-801221c\" data-id=\"801221c\" data-element_type=\"column\" data-e-type=\"column\">\n\t\t\t<div class=\"elementor-widget-wrap elementor-element-populated\">\n\t\t\t\t\t\t<div class=\"elementor-element elementor-element-47a2889 elementor-widget elementor-widget-image\" data-id=\"47a2889\" data-element_type=\"widget\" data-e-type=\"widget\" data-widget_type=\"image.default\">\n\t\t\t\t<div class=\"elementor-widget-container\">\n\t\t\t\t\t\t\t\t\t\t\t\t\t\t\t<img loading=\"lazy\" decoding=\"async\" width=\"1024\" height=\"1024\" src=\"https:\/\/champagne-fernand-lemaire.com\/wp-content\/uploads\/2022\/11\/HVE_exploitation_ocre-1024x1024.png\" class=\"attachment-large size-large wp-image-447\" alt=\"\" srcset=\"https:\/\/champagne-fernand-lemaire.com\/wp-content\/uploads\/2022\/11\/HVE_exploitation_ocre-1024x1024.png 1024w, https:\/\/champagne-fernand-lemaire.com\/wp-content\/uploads\/2022\/11\/HVE_exploitation_ocre-300x300.png 300w, https:\/\/champagne-fernand-lemaire.com\/wp-content\/uploads\/2022\/11\/HVE_exploitation_ocre-150x150.png 150w, https:\/\/champagne-fernand-lemaire.com\/wp-content\/uploads\/2022\/11\/HVE_exploitation_ocre-768x768.png 768w, https:\/\/champagne-fernand-lemaire.com\/wp-content\/uploads\/2022\/11\/HVE_exploitation_ocre-146x146.png 146w, https:\/\/champagne-fernand-lemaire.com\/wp-content\/uploads\/2022\/11\/HVE_exploitation_ocre-50x50.png 50w, https:\/\/champagne-fernand-lemaire.com\/wp-content\/uploads\/2022\/11\/HVE_exploitation_ocre-75x75.png 75w, https:\/\/champagne-fernand-lemaire.com\/wp-content\/uploads\/2022\/11\/HVE_exploitation_ocre-85x85.png 85w, https:\/\/champagne-fernand-lemaire.com\/wp-content\/uploads\/2022\/11\/HVE_exploitation_ocre-80x80.png 80w, https:\/\/champagne-fernand-lemaire.com\/wp-content\/uploads\/2022\/11\/HVE_exploitation_ocre-800x800.png 800w, https:\/\/champagne-fernand-lemaire.com\/wp-content\/uploads\/2022\/11\/HVE_exploitation_ocre.png 1181w\" sizes=\"(max-width:767px) 480px, (max-width:1024px) 100vw, 1024px\" \/>\t\t\t\t\t\t\t\t\t\t\t\t\t\t\t<\/div>\n\t\t\t\t<\/div>\n\t\t\t\t\t<\/div>\n\t\t<\/div>\n\t\t\t\t<div class=\"elementor-column elementor-col-33 elementor-inner-column elementor-element elementor-element-93ca54a\" data-id=\"93ca54a\" data-element_type=\"column\" data-e-type=\"column\">\n\t\t\t<div class=\"elementor-widget-wrap elementor-element-populated\">\n\t\t\t\t\t\t<div class=\"elementor-element elementor-element-a79d0ee elementor-widget elementor-widget-image\" data-id=\"a79d0ee\" data-element_type=\"widget\" data-e-type=\"widget\" data-widget_type=\"image.default\">\n\t\t\t\t<div class=\"elementor-widget-container\">\n\t\t\t\t\t\t\t\t\t\t\t\t\t\t\t<img loading=\"lazy\" decoding=\"async\" width=\"231\" height=\"296\" src=\"https:\/\/champagne-fernand-lemaire.com\/wp-content\/uploads\/2022\/11\/Capture-decran-2015-11-26-a-11.38.35.png\" class=\"attachment-large size-large wp-image-453\" alt=\"\" srcset=\"https:\/\/champagne-fernand-lemaire.com\/wp-content\/uploads\/2022\/11\/Capture-decran-2015-11-26-a-11.38.35.png 231w, https:\/\/champagne-fernand-lemaire.com\/wp-content\/uploads\/2022\/11\/Capture-decran-2015-11-26-a-11.38.35-114x146.png 114w, https:\/\/champagne-fernand-lemaire.com\/wp-content\/uploads\/2022\/11\/Capture-decran-2015-11-26-a-11.38.35-39x50.png 39w, https:\/\/champagne-fernand-lemaire.com\/wp-content\/uploads\/2022\/11\/Capture-decran-2015-11-26-a-11.38.35-59x75.png 59w\" sizes=\"(max-width:767px) 231px, 231px\" \/>\t\t\t\t\t\t\t\t\t\t\t\t\t\t\t<\/div>\n\t\t\t\t<\/div>\n\t\t\t\t\t<\/div>\n\t\t<\/div>\n\t\t\t\t\t<\/div>\n\t\t<\/section>\n\t\t\t\t\t<\/div>\n\t\t<\/div>\n\t\t\t\t\t<\/div>\n\t\t<\/section>\n\t\t\t\t<\/div>\n\t\t","protected":false},"excerpt":{"rendered":"<p>Our story For four generations, the family history of Champagne Fernand Lemaire has been written in the emblematic village of Hautvillers, classified 1er Cru. In 1860<span class=\"excerpt-hellip\"> [\u2026]<\/span><\/p>\n","protected":false},"author":2,"featured_media":0,"parent":0,"menu_order":0,"comment_status":"closed","ping_status":"closed","template":"","meta":{"footnotes":""},"class_list":["post-1592","page","type-page","status-publish","hentry"],"_links":{"self":[{"href":"https:\/\/champagne-fernand-lemaire.com\/en\/wp-json\/wp\/v2\/pages\/1592","targetHints":{"allow":["GET"]}}],"collection":[{"href":"https:\/\/champagne-fernand-lemaire.com\/en\/wp-json\/wp\/v2\/pages"}],"about":[{"href":"https:\/\/champagne-fernand-lemaire.com\/en\/wp-json\/wp\/v2\/types\/page"}],"author":[{"embeddable":true,"href":"https:\/\/champagne-fernand-lemaire.com\/en\/wp-json\/wp\/v2\/users\/2"}],"replies":[{"embeddable":true,"href":"https:\/\/champagne-fernand-lemaire.com\/en\/wp-json\/wp\/v2\/comments?post=1592"}],"version-history":[{"count":0,"href":"https:\/\/champagne-fernand-lemaire.com\/en\/wp-json\/wp\/v2\/pages\/1592\/revisions"}],"wp:attachment":[{"href":"https:\/\/champagne-fernand-lemaire.com\/en\/wp-json\/wp\/v2\/media?parent=1592"}],"curies":[{"name":"wp","href":"https:\/\/api.w.org\/{rel}","templated":true}]}}